{"id":8858,"date":"2024-02-14T12:14:22","date_gmt":"2024-02-14T12:14:22","guid":{"rendered":"https:\/\/staging-www.onepulse.com\/aplicacion\/"},"modified":"2024-07-18T15:53:10","modified_gmt":"2024-07-18T15:53:10","slug":"aplicacion","status":"publish","type":"page","link":"https:\/\/onboard.onepulse.com\/es\/aplicacion\/","title":{"rendered":"Aplicaci\u00f3n"},"content":{"rendered":"","protected":false},"excerpt":{"rendered":"","protected":false},"author":3,"featured_media":0,"parent":0,"menu_order":0,"comment_status":"closed","ping_status":"closed","template":"templates\/template-member.php","meta":{"inline_featured_image":false,"footnotes":""},"acf":[],"yoast_head":"<!-- This site is optimized with the Yoast SEO plugin v21.7 - https:\/\/yoast.com\/wordpress\/plugins\/seo\/ -->\n<title>Aplicaci\u00f3n | OnePulse<\/title>\n<meta name=\"description\" content=\"Da tu opini\u00f3n, divi\u00e9rtete y gana dinero con la aplicaci\u00f3n OnePulse. Influencia a algunas de las marcas m\u00e1s grandes del mundo simplemente siendo t\u00fa mismo.\" \/>\n<meta name=\"robots\" content=\"index, follow, max-snippet:-1, max-image-preview:large, max-video-preview:-1\" \/>\n<link rel=\"canonical\" href=\"https:\/\/onboard.onepulse.com\/es\/aplicacion\/\" \/>\n<meta property=\"og:locale\" content=\"es_ES\" \/>\n<meta property=\"og:type\" content=\"article\" \/>\n<meta property=\"og:title\" content=\"Aplicaci\u00f3n | OnePulse\" \/>\n<meta property=\"og:description\" content=\"Da tu opini\u00f3n, divi\u00e9rtete y gana dinero con la aplicaci\u00f3n OnePulse. Influencia a algunas de las marcas m\u00e1s grandes del mundo simplemente siendo t\u00fa mismo.\" \/>\n<meta property=\"og:url\" content=\"https:\/\/onboard.onepulse.com\/es\/aplicacion\/\" \/>\n<meta property=\"og:site_name\" content=\"OnePulse\" \/>\n<meta property=\"article:publisher\" content=\"https:\/\/www.facebook.com\/onepulseapp\" \/>\n<meta property=\"article:modified_time\" content=\"2024-07-18T15:53:10+00:00\" \/>\n<meta name=\"twitter:card\" content=\"summary_large_image\" \/>\n<meta name=\"twitter:site\" content=\"@OnePulseApp\" \/>\n<script type=\"application\/ld+json\" class=\"yoast-schema-graph\">{\"@context\":\"https:\/\/schema.org\",\"@graph\":[{\"@type\":\"WebPage\",\"@id\":\"https:\/\/onboard.onepulse.com\/es\/aplicacion\/\",\"url\":\"https:\/\/onboard.onepulse.com\/es\/aplicacion\/\",\"name\":\"Aplicaci\u00f3n | OnePulse\",\"isPartOf\":{\"@id\":\"http:\/\/ec2-34-254-57-88.eu-west-1.compute.amazonaws.com\/#website\"},\"datePublished\":\"2024-02-14T12:14:22+00:00\",\"dateModified\":\"2024-07-18T15:53:10+00:00\",\"description\":\"Da tu opini\u00f3n, divi\u00e9rtete y gana dinero con la aplicaci\u00f3n OnePulse. Influencia a algunas de las marcas m\u00e1s grandes del mundo simplemente siendo t\u00fa mismo.\",\"inLanguage\":\"es\",\"potentialAction\":[{\"@type\":\"ReadAction\",\"target\":[\"https:\/\/onboard.onepulse.com\/es\/aplicacion\/\"]}]},{\"@type\":\"WebSite\",\"@id\":\"http:\/\/ec2-34-254-57-88.eu-west-1.compute.amazonaws.com\/#website\",\"url\":\"http:\/\/ec2-34-254-57-88.eu-west-1.compute.amazonaws.com\/\",\"name\":\"OnePulse\",\"description\":\"\",\"publisher\":{\"@id\":\"http:\/\/ec2-34-254-57-88.eu-west-1.compute.amazonaws.com\/#organization\"},\"potentialAction\":[{\"@type\":\"SearchAction\",\"target\":{\"@type\":\"EntryPoint\",\"urlTemplate\":\"http:\/\/ec2-34-254-57-88.eu-west-1.compute.amazonaws.com\/?s={search_term_string}\"},\"query-input\":\"required name=search_term_string\"}],\"inLanguage\":\"es\"},{\"@type\":\"Organization\",\"@id\":\"http:\/\/ec2-34-254-57-88.eu-west-1.compute.amazonaws.com\/#organization\",\"name\":\"Onepulse\",\"url\":\"http:\/\/ec2-34-254-57-88.eu-west-1.compute.amazonaws.com\/\",\"logo\":{\"@type\":\"ImageObject\",\"inLanguage\":\"es\",\"@id\":\"http:\/\/ec2-34-254-57-88.eu-west-1.compute.amazonaws.com\/#\/schema\/logo\/image\/\",\"url\":\"https:\/\/onboard.onepulse.com\/wp-content\/uploads\/2024\/02\/logo.svg\",\"contentUrl\":\"https:\/\/onboard.onepulse.com\/wp-content\/uploads\/2024\/02\/logo.svg\",\"width\":124,\"height\":36,\"caption\":\"Onepulse\"},\"image\":{\"@id\":\"http:\/\/ec2-34-254-57-88.eu-west-1.compute.amazonaws.com\/#\/schema\/logo\/image\/\"},\"sameAs\":[\"https:\/\/www.facebook.com\/onepulseapp\",\"https:\/\/twitter.com\/OnePulseApp\",\"https:\/\/www.instagram.com\/onepulseapp\",\"https:\/\/www.linkedin.com\/company\/onepulse\"]}]}<\/script>\n<!-- \/ Yoast SEO plugin. -->","yoast_head_json":{"title":"Aplicaci\u00f3n | OnePulse","description":"Da tu opini\u00f3n, divi\u00e9rtete y gana dinero con la aplicaci\u00f3n OnePulse. Influencia a algunas de las marcas m\u00e1s grandes del mundo simplemente siendo t\u00fa mismo.","robots":{"index":"index","follow":"follow","max-snippet":"max-snippet:-1","max-image-preview":"max-image-preview:large","max-video-preview":"max-video-preview:-1"},"canonical":"https:\/\/onboard.onepulse.com\/es\/aplicacion\/","og_locale":"es_ES","og_type":"article","og_title":"Aplicaci\u00f3n | OnePulse","og_description":"Da tu opini\u00f3n, divi\u00e9rtete y gana dinero con la aplicaci\u00f3n OnePulse. Influencia a algunas de las marcas m\u00e1s grandes del mundo simplemente siendo t\u00fa mismo.","og_url":"https:\/\/onboard.onepulse.com\/es\/aplicacion\/","og_site_name":"OnePulse","article_publisher":"https:\/\/www.facebook.com\/onepulseapp","article_modified_time":"2024-07-18T15:53:10+00:00","twitter_card":"summary_large_image","twitter_site":"@OnePulseApp","schema":{"@context":"https:\/\/schema.org","@graph":[{"@type":"WebPage","@id":"https:\/\/onboard.onepulse.com\/es\/aplicacion\/","url":"https:\/\/onboard.onepulse.com\/es\/aplicacion\/","name":"Aplicaci\u00f3n | OnePulse","isPartOf":{"@id":"http:\/\/ec2-34-254-57-88.eu-west-1.compute.amazonaws.com\/#website"},"datePublished":"2024-02-14T12:14:22+00:00","dateModified":"2024-07-18T15:53:10+00:00","description":"Da tu opini\u00f3n, divi\u00e9rtete y gana dinero con la aplicaci\u00f3n OnePulse. Influencia a algunas de las marcas m\u00e1s grandes del mundo simplemente siendo t\u00fa mismo.","inLanguage":"es","potentialAction":[{"@type":"ReadAction","target":["https:\/\/onboard.onepulse.com\/es\/aplicacion\/"]}]},{"@type":"WebSite","@id":"http:\/\/ec2-34-254-57-88.eu-west-1.compute.amazonaws.com\/#website","url":"http:\/\/ec2-34-254-57-88.eu-west-1.compute.amazonaws.com\/","name":"OnePulse","description":"","publisher":{"@id":"http:\/\/ec2-34-254-57-88.eu-west-1.compute.amazonaws.com\/#organization"},"potentialAction":[{"@type":"SearchAction","target":{"@type":"EntryPoint","urlTemplate":"http:\/\/ec2-34-254-57-88.eu-west-1.compute.amazonaws.com\/?s={search_term_string}"},"query-input":"required name=search_term_string"}],"inLanguage":"es"},{"@type":"Organization","@id":"http:\/\/ec2-34-254-57-88.eu-west-1.compute.amazonaws.com\/#organization","name":"Onepulse","url":"http:\/\/ec2-34-254-57-88.eu-west-1.compute.amazonaws.com\/","logo":{"@type":"ImageObject","inLanguage":"es","@id":"http:\/\/ec2-34-254-57-88.eu-west-1.compute.amazonaws.com\/#\/schema\/logo\/image\/","url":"https:\/\/onboard.onepulse.com\/wp-content\/uploads\/2024\/02\/logo.svg","contentUrl":"https:\/\/onboard.onepulse.com\/wp-content\/uploads\/2024\/02\/logo.svg","width":124,"height":36,"caption":"Onepulse"},"image":{"@id":"http:\/\/ec2-34-254-57-88.eu-west-1.compute.amazonaws.com\/#\/schema\/logo\/image\/"},"sameAs":["https:\/\/www.facebook.com\/onepulseapp","https:\/\/twitter.com\/OnePulseApp","https:\/\/www.instagram.com\/onepulseapp","https:\/\/www.linkedin.com\/company\/onepulse"]}]}},"_links":{"self":[{"href":"https:\/\/onboard.onepulse.com\/es\/wp-json\/wp\/v2\/pages\/8858"}],"collection":[{"href":"https:\/\/onboard.onepulse.com\/es\/wp-json\/wp\/v2\/pages"}],"about":[{"href":"https:\/\/onboard.onepulse.com\/es\/wp-json\/wp\/v2\/types\/page"}],"author":[{"embeddable":true,"href":"https:\/\/onboard.onepulse.com\/es\/wp-json\/wp\/v2\/users\/3"}],"replies":[{"embeddable":true,"href":"https:\/\/onboard.onepulse.com\/es\/wp-json\/wp\/v2\/comments?post=8858"}],"version-history":[{"count":3,"href":"https:\/\/onboard.onepulse.com\/es\/wp-json\/wp\/v2\/pages\/8858\/revisions"}],"predecessor-version":[{"id":12695,"href":"https:\/\/onboard.onepulse.com\/es\/wp-json\/wp\/v2\/pages\/8858\/revisions\/12695"}],"wp:attachment":[{"href":"https:\/\/onboard.onepulse.com\/es\/wp-json\/wp\/v2\/media?parent=8858"}],"curies":[{"name":"wp","href":"https:\/\/api.w.org\/{rel}","templated":true}]}}