{"id":7604,"date":"2024-02-15T10:21:58","date_gmt":"2024-02-15T10:21:58","guid":{"rendered":"https:\/\/staging-www.onepulse.com\/kontaktieren-sie-uns\/"},"modified":"2024-08-22T08:56:24","modified_gmt":"2024-08-22T08:56:24","slug":"kontaktieren-sie-uns","status":"publish","type":"page","link":"https:\/\/onboard.onepulse.com\/de\/kontaktieren-sie-uns\/","title":{"rendered":"Kontakt Verkauf"},"content":{"rendered":"","protected":false},"excerpt":{"rendered":"","protected":false},"author":3,"featured_media":0,"parent":0,"menu_order":0,"comment_status":"closed","ping_status":"closed","template":"templates\/template-contact.php","meta":{"inline_featured_image":false,"footnotes":""},"acf":[],"yoast_head":"<!-- This site is optimized with the Yoast SEO plugin v21.7 - https:\/\/yoast.com\/wordpress\/plugins\/seo\/ -->\n<title>Kontaktieren Sie uns | OnePulse<\/title>\n<meta name=\"description\" content=\"Wir w\u00fcrden uns freuen, von Ihnen \u00fcber Ihre Pl\u00e4ne und Ziele im Bereich Insights Research zu h\u00f6ren und mit Ihnen zu besprechen, wie wir Ihnen helfen k\u00f6nnen, diese zu erreichen! Kontaktieren Sie uns noch heute.\" \/>\n<meta name=\"robots\" content=\"index, follow, max-snippet:-1, max-image-preview:large, max-video-preview:-1\" \/>\n<link rel=\"canonical\" href=\"https:\/\/onboard.onepulse.com\/de\/kontaktieren-sie-uns\/\" \/>\n<meta property=\"og:locale\" content=\"de_DE\" \/>\n<meta property=\"og:type\" content=\"article\" \/>\n<meta property=\"og:title\" content=\"Kontaktieren Sie uns | OnePulse\" \/>\n<meta property=\"og:description\" content=\"Wir w\u00fcrden uns freuen, von Ihnen \u00fcber Ihre Pl\u00e4ne und Ziele im Bereich Insights Research zu h\u00f6ren und mit Ihnen zu besprechen, wie wir Ihnen helfen k\u00f6nnen, diese zu erreichen! Kontaktieren Sie uns noch heute.\" \/>\n<meta property=\"og:url\" content=\"https:\/\/onboard.onepulse.com\/de\/kontaktieren-sie-uns\/\" \/>\n<meta property=\"og:site_name\" content=\"OnePulse\" \/>\n<meta property=\"article:publisher\" content=\"https:\/\/www.facebook.com\/onepulseapp\" \/>\n<meta property=\"article:modified_time\" content=\"2024-08-22T08:56:24+00:00\" \/>\n<meta name=\"twitter:card\" content=\"summary_large_image\" \/>\n<meta name=\"twitter:site\" content=\"@OnePulseApp\" \/>\n<script type=\"application\/ld+json\" class=\"yoast-schema-graph\">{\"@context\":\"https:\/\/schema.org\",\"@graph\":[{\"@type\":\"WebPage\",\"@id\":\"https:\/\/onboard.onepulse.com\/de\/kontaktieren-sie-uns\/\",\"url\":\"https:\/\/onboard.onepulse.com\/de\/kontaktieren-sie-uns\/\",\"name\":\"Kontaktieren Sie uns | OnePulse\",\"isPartOf\":{\"@id\":\"http:\/\/ec2-34-254-57-88.eu-west-1.compute.amazonaws.com\/#website\"},\"datePublished\":\"2024-02-15T10:21:58+00:00\",\"dateModified\":\"2024-08-22T08:56:24+00:00\",\"description\":\"Wir w\u00fcrden uns freuen, von Ihnen \u00fcber Ihre Pl\u00e4ne und Ziele im Bereich Insights Research zu h\u00f6ren und mit Ihnen zu besprechen, wie wir Ihnen helfen k\u00f6nnen, diese zu erreichen! Kontaktieren Sie uns noch heute.\",\"inLanguage\":\"de-DE\",\"potentialAction\":[{\"@type\":\"ReadAction\",\"target\":[\"https:\/\/onboard.onepulse.com\/de\/kontaktieren-sie-uns\/\"]}]},{\"@type\":\"WebSite\",\"@id\":\"http:\/\/ec2-34-254-57-88.eu-west-1.compute.amazonaws.com\/#website\",\"url\":\"http:\/\/ec2-34-254-57-88.eu-west-1.compute.amazonaws.com\/\",\"name\":\"OnePulse\",\"description\":\"\",\"publisher\":{\"@id\":\"http:\/\/ec2-34-254-57-88.eu-west-1.compute.amazonaws.com\/#organization\"},\"potentialAction\":[{\"@type\":\"SearchAction\",\"target\":{\"@type\":\"EntryPoint\",\"urlTemplate\":\"http:\/\/ec2-34-254-57-88.eu-west-1.compute.amazonaws.com\/?s={search_term_string}\"},\"query-input\":\"required name=search_term_string\"}],\"inLanguage\":\"de-DE\"},{\"@type\":\"Organization\",\"@id\":\"http:\/\/ec2-34-254-57-88.eu-west-1.compute.amazonaws.com\/#organization\",\"name\":\"Onepulse\",\"url\":\"http:\/\/ec2-34-254-57-88.eu-west-1.compute.amazonaws.com\/\",\"logo\":{\"@type\":\"ImageObject\",\"inLanguage\":\"de-DE\",\"@id\":\"http:\/\/ec2-34-254-57-88.eu-west-1.compute.amazonaws.com\/#\/schema\/logo\/image\/\",\"url\":\"https:\/\/onboard.onepulse.com\/wp-content\/uploads\/2024\/02\/logo.svg\",\"contentUrl\":\"https:\/\/onboard.onepulse.com\/wp-content\/uploads\/2024\/02\/logo.svg\",\"width\":124,\"height\":36,\"caption\":\"Onepulse\"},\"image\":{\"@id\":\"http:\/\/ec2-34-254-57-88.eu-west-1.compute.amazonaws.com\/#\/schema\/logo\/image\/\"},\"sameAs\":[\"https:\/\/www.facebook.com\/onepulseapp\",\"https:\/\/twitter.com\/OnePulseApp\",\"https:\/\/www.instagram.com\/onepulseapp\",\"https:\/\/www.linkedin.com\/company\/onepulse\"]}]}<\/script>\n<!-- \/ Yoast SEO plugin. -->","yoast_head_json":{"title":"Kontaktieren Sie uns | OnePulse","description":"Wir w\u00fcrden uns freuen, von Ihnen \u00fcber Ihre Pl\u00e4ne und Ziele im Bereich Insights Research zu h\u00f6ren und mit Ihnen zu besprechen, wie wir Ihnen helfen k\u00f6nnen, diese zu erreichen! Kontaktieren Sie uns noch heute.","robots":{"index":"index","follow":"follow","max-snippet":"max-snippet:-1","max-image-preview":"max-image-preview:large","max-video-preview":"max-video-preview:-1"},"canonical":"https:\/\/onboard.onepulse.com\/de\/kontaktieren-sie-uns\/","og_locale":"de_DE","og_type":"article","og_title":"Kontaktieren Sie uns | OnePulse","og_description":"Wir w\u00fcrden uns freuen, von Ihnen \u00fcber Ihre Pl\u00e4ne und Ziele im Bereich Insights Research zu h\u00f6ren und mit Ihnen zu besprechen, wie wir Ihnen helfen k\u00f6nnen, diese zu erreichen! Kontaktieren Sie uns noch heute.","og_url":"https:\/\/onboard.onepulse.com\/de\/kontaktieren-sie-uns\/","og_site_name":"OnePulse","article_publisher":"https:\/\/www.facebook.com\/onepulseapp","article_modified_time":"2024-08-22T08:56:24+00:00","twitter_card":"summary_large_image","twitter_site":"@OnePulseApp","schema":{"@context":"https:\/\/schema.org","@graph":[{"@type":"WebPage","@id":"https:\/\/onboard.onepulse.com\/de\/kontaktieren-sie-uns\/","url":"https:\/\/onboard.onepulse.com\/de\/kontaktieren-sie-uns\/","name":"Kontaktieren Sie uns | OnePulse","isPartOf":{"@id":"http:\/\/ec2-34-254-57-88.eu-west-1.compute.amazonaws.com\/#website"},"datePublished":"2024-02-15T10:21:58+00:00","dateModified":"2024-08-22T08:56:24+00:00","description":"Wir w\u00fcrden uns freuen, von Ihnen \u00fcber Ihre Pl\u00e4ne und Ziele im Bereich Insights Research zu h\u00f6ren und mit Ihnen zu besprechen, wie wir Ihnen helfen k\u00f6nnen, diese zu erreichen! Kontaktieren Sie uns noch heute.","inLanguage":"de-DE","potentialAction":[{"@type":"ReadAction","target":["https:\/\/onboard.onepulse.com\/de\/kontaktieren-sie-uns\/"]}]},{"@type":"WebSite","@id":"http:\/\/ec2-34-254-57-88.eu-west-1.compute.amazonaws.com\/#website","url":"http:\/\/ec2-34-254-57-88.eu-west-1.compute.amazonaws.com\/","name":"OnePulse","description":"","publisher":{"@id":"http:\/\/ec2-34-254-57-88.eu-west-1.compute.amazonaws.com\/#organization"},"potentialAction":[{"@type":"SearchAction","target":{"@type":"EntryPoint","urlTemplate":"http:\/\/ec2-34-254-57-88.eu-west-1.compute.amazonaws.com\/?s={search_term_string}"},"query-input":"required name=search_term_string"}],"inLanguage":"de-DE"},{"@type":"Organization","@id":"http:\/\/ec2-34-254-57-88.eu-west-1.compute.amazonaws.com\/#organization","name":"Onepulse","url":"http:\/\/ec2-34-254-57-88.eu-west-1.compute.amazonaws.com\/","logo":{"@type":"ImageObject","inLanguage":"de-DE","@id":"http:\/\/ec2-34-254-57-88.eu-west-1.compute.amazonaws.com\/#\/schema\/logo\/image\/","url":"https:\/\/onboard.onepulse.com\/wp-content\/uploads\/2024\/02\/logo.svg","contentUrl":"https:\/\/onboard.onepulse.com\/wp-content\/uploads\/2024\/02\/logo.svg","width":124,"height":36,"caption":"Onepulse"},"image":{"@id":"http:\/\/ec2-34-254-57-88.eu-west-1.compute.amazonaws.com\/#\/schema\/logo\/image\/"},"sameAs":["https:\/\/www.facebook.com\/onepulseapp","https:\/\/twitter.com\/OnePulseApp","https:\/\/www.instagram.com\/onepulseapp","https:\/\/www.linkedin.com\/company\/onepulse"]}]}},"_links":{"self":[{"href":"https:\/\/onboard.onepulse.com\/de\/wp-json\/wp\/v2\/pages\/7604"}],"collection":[{"href":"https:\/\/onboard.onepulse.com\/de\/wp-json\/wp\/v2\/pages"}],"about":[{"href":"https:\/\/onboard.onepulse.com\/de\/wp-json\/wp\/v2\/types\/page"}],"author":[{"embeddable":true,"href":"https:\/\/onboard.onepulse.com\/de\/wp-json\/wp\/v2\/users\/3"}],"replies":[{"embeddable":true,"href":"https:\/\/onboard.onepulse.com\/de\/wp-json\/wp\/v2\/comments?post=7604"}],"version-history":[{"count":4,"href":"https:\/\/onboard.onepulse.com\/de\/wp-json\/wp\/v2\/pages\/7604\/revisions"}],"predecessor-version":[{"id":13027,"href":"https:\/\/onboard.onepulse.com\/de\/wp-json\/wp\/v2\/pages\/7604\/revisions\/13027"}],"wp:attachment":[{"href":"https:\/\/onboard.onepulse.com\/de\/wp-json\/wp\/v2\/media?parent=7604"}],"curies":[{"name":"wp","href":"https:\/\/api.w.org\/{rel}","templated":true}]}}